{"id":1072,"date":"2022-12-13T10:42:21","date_gmt":"2022-12-13T10:42:21","guid":{"rendered":"https:\/\/www.110cities.com\/?page_id=1072"},"modified":"2025-01-03T19:06:43","modified_gmt":"2025-01-03T12:06:43","slug":"watch","status":"publish","type":"page","link":"https:\/\/110cities.gopray.world\/es\/watch\/","title":{"rendered":"Reloj"},"content":{"rendered":"<h3 class=\"wp-block-heading has-text-align-center\">El Dr. Jason Hubbard presenta 4 D\u00edas Mundiales de Oraci\u00f3n para 2025<\/h3>\n\n\n\n<figure class=\"wp-block-embed is-type-video is-provider-youtube wp-block-embed-youtube wp-embed-aspect-16-9 wp-has-aspect-ratio\"><div class=\"wp-block-embed__wrapper\">\n<iframe loading=\"lazy\" title=\"4 Jornadas Mundiales de Oraci\u00f3n 2025\" width=\"500\" height=\"281\" src=\"https:\/\/www.youtube.com\/embed\/GHayGIgd9BA?feature=oembed\" frameborder=\"0\" allow=\"accelerometer; autoplay; clipboard-write; encrypted-media; gyroscope; picture-in-picture; web-share\" referrerpolicy=\"strict-origin-when-cross-origin\" allowfullscreen><\/iframe>\n<\/div><\/figure>\n\n\n\n<h3 class=\"wp-block-heading has-text-align-center\">Oraciones de Pentecost\u00e9s desde Bogot\u00e1, Colombia - 17 de mayo de 2024<\/h3>\n\n\n\n<figure class=\"wp-block-embed is-type-video is-provider-youtube wp-block-embed-youtube wp-embed-aspect-16-9 wp-has-aspect-ratio\"><div class=\"wp-block-embed__wrapper\">\n<iframe loading=\"lazy\" title=\"Oraciones de Pentecost\u00e9s desde Bogot\u00e1, Colombia - 17 de mayo de 2024\" width=\"500\" height=\"281\" src=\"https:\/\/www.youtube.com\/embed\/A8qAGP5n9A4?feature=oembed\" frameborder=\"0\" allow=\"accelerometer; autoplay; clipboard-write; encrypted-media; gyroscope; picture-in-picture; web-share\" referrerpolicy=\"strict-origin-when-cross-origin\" allowfullscreen><\/iframe>\n<\/div><\/figure>\n\n\n\n<h3 class=\"wp-block-heading has-text-align-center\">7 Asignaciones - El papel de un vigilante - Dr. Jason Hubbard - IPC<\/h3>\n\n\n\n<figure class=\"wp-block-embed is-type-video is-provider-youtube wp-block-embed-youtube wp-embed-aspect-16-9 wp-has-aspect-ratio\"><div class=\"wp-block-embed__wrapper\">\n<iframe loading=\"lazy\" title=\"7 Asignaciones - El papel de un vigilante - Dr. Jason Hubbard - IPC\" width=\"500\" height=\"281\" src=\"https:\/\/www.youtube.com\/embed\/oOiju8Vn2vM?feature=oembed\" frameborder=\"0\" allow=\"accelerometer; autoplay; clipboard-write; encrypted-media; gyroscope; picture-in-picture; web-share\" referrerpolicy=\"strict-origin-when-cross-origin\" allowfullscreen><\/iframe>\n<\/div><\/figure>\n\n\n\n<h3 class=\"wp-block-heading has-text-align-center\">Una noche de milagros - 24 horas de oraci\u00f3n mundial - Viernes 5 de abril de 2024<\/h3>\n\n\n\n<figure class=\"wp-block-embed is-type-video is-provider-youtube wp-block-embed-youtube wp-embed-aspect-16-9 wp-has-aspect-ratio\"><div class=\"wp-block-embed__wrapper\">\n<iframe loading=\"lazy\" title=\"Una noche de milagros - 24 horas de oraci\u00f3n mundial - Viernes 5 de abril de 2024\" width=\"500\" height=\"281\" src=\"https:\/\/www.youtube.com\/embed\/3bfOphXk-CA?feature=oembed\" frameborder=\"0\" allow=\"accelerometer; autoplay; clipboard-write; encrypted-media; gyroscope; picture-in-picture; web-share\" referrerpolicy=\"strict-origin-when-cross-origin\" allowfullscreen><\/iframe>\n<\/div><\/figure>\n\n\n\n<h3 class=\"wp-block-heading has-text-align-center\">Pentecost\u00e9s 2023 - Jornada Mundial de Oraci\u00f3n por <a href=\"https:\/\/www.110cities.com\/blog\/cities\/jerusalem\/\" target=\"_blank\" rel=\"noopener\">Jerusal\u00e9n<\/a> y las naciones<\/h3>\n\n\n\n<figure class=\"wp-block-embed is-type-video is-provider-youtube wp-block-embed-youtube wp-embed-aspect-16-9 wp-has-aspect-ratio\"><div class=\"wp-block-embed__wrapper\">\n<iframe loading=\"lazy\" title=\"Pentecost\u00e9s 2023 - D\u00eda Mundial de Oraci\u00f3n por Jerusal\u00e9n y las Naciones\" width=\"500\" height=\"281\" src=\"https:\/\/www.youtube.com\/embed\/LRRd1eEt2rE?feature=oembed\" frameborder=\"0\" allow=\"accelerometer; autoplay; clipboard-write; encrypted-media; gyroscope; picture-in-picture; web-share\" referrerpolicy=\"strict-origin-when-cross-origin\" allowfullscreen><\/iframe>\n<\/div><\/figure>\n\n\n\n<h3 class=\"wp-block-heading has-text-align-center\">Una noche milagrosa - 17 de abril de 2023<\/h3>\n\n\n\n<figure class=\"wp-block-embed is-type-video is-provider-youtube wp-block-embed-youtube wp-embed-aspect-16-9 wp-has-aspect-ratio\"><div class=\"wp-block-embed__wrapper\">\n<iframe loading=\"lazy\" title=\"Una Noche Milagrosa - Lunes 17 de Abril de 2023\" width=\"500\" height=\"281\" src=\"https:\/\/www.youtube.com\/embed\/kvT4O4jthyE?feature=oembed\" frameborder=\"0\" allow=\"accelerometer; autoplay; clipboard-write; encrypted-media; gyroscope; picture-in-picture; web-share\" referrerpolicy=\"strict-origin-when-cross-origin\" allowfullscreen><\/iframe>\n<\/div><\/figure>\n\n\n\n<h3 class=\"wp-block-heading has-text-align-center\">Lanzamiento de 110 Ciudades 2023 - IHOPKC - 6 de diciembre de 2022<\/h3>\n\n\n\n<figure class=\"wp-block-embed is-type-video is-provider-youtube wp-block-embed-youtube wp-embed-aspect-16-9 wp-has-aspect-ratio\"><div class=\"wp-block-embed__wrapper\">\n<iframe loading=\"lazy\" title=\"Lanzamiento de 110 Ciudades 2023 - IHOPKC - Clip 2\" width=\"500\" height=\"281\" src=\"https:\/\/www.youtube.com\/embed\/Gd-uEnW2rQY?feature=oembed\" frameborder=\"0\" allow=\"accelerometer; autoplay; clipboard-write; encrypted-media; gyroscope; picture-in-picture; web-share\" referrerpolicy=\"strict-origin-when-cross-origin\" allowfullscreen><\/iframe>\n<\/div><\/figure>\n\n\n\n<p class=\"has-text-align-center\">&#039;Dominio&#039; b\u00edblico Un estudio con Dean Briggs<\/p>\n\n\n\n<figure class=\"wp-block-embed is-type-video is-provider-youtube wp-block-embed-youtube wp-embed-aspect-16-9 wp-has-aspect-ratio\"><div class=\"wp-block-embed__wrapper\">\n<iframe loading=\"lazy\" title=\"Dominio - Salmo 72 - Dean Briggs\" width=\"500\" height=\"281\" src=\"https:\/\/www.youtube.com\/embed\/6tbYjIew1Fo?feature=oembed\" frameborder=\"0\" allow=\"accelerometer; autoplay; clipboard-write; encrypted-media; gyroscope; picture-in-picture; web-share\" referrerpolicy=\"strict-origin-when-cross-origin\" allowfullscreen><\/iframe>\n<\/div><\/figure>\n\n\n\n<p class=\"has-text-align-center\">Dean Briggs de International House of Prayer Kansas comparte ense\u00f1anzas sobre el llamado y el prop\u00f3sito de Ekklesia del Salmo 72, explorando el tema de &#039;Dominio&#039;.<\/p>\n\n\n\n<figure class=\"wp-block-embed is-type-video is-provider-youtube wp-block-embed-youtube wp-embed-aspect-16-9 wp-has-aspect-ratio\"><div class=\"wp-block-embed__wrapper\">\n<iframe loading=\"lazy\" title=\"Dr Jason Hubbard - 110 Ciudades Introducci\u00f3n\" width=\"500\" height=\"281\" src=\"https:\/\/www.youtube.com\/embed\/Xo3Y9NapYuI?feature=oembed\" frameborder=\"0\" allow=\"accelerometer; autoplay; clipboard-write; encrypted-media; gyroscope; picture-in-picture; web-share\" referrerpolicy=\"strict-origin-when-cross-origin\" allowfullscreen><\/iframe>\n<\/div><\/figure>\n\n\n\n<p class=\"has-text-align-center\">El Dr. Jason Hubbard presenta la Iniciativa de 110 Ciudades y los principios y pautas para la caminata de oraci\u00f3n.<\/p>\n\n\n\n<figure class=\"wp-block-embed is-type-video is-provider-youtube wp-block-embed-youtube wp-embed-aspect-16-9 wp-has-aspect-ratio\"><div class=\"wp-block-embed__wrapper\">\n<iframe loading=\"lazy\" title=\"Promoci\u00f3n de 110 ciudades - Dr. Jason Hubbard\" width=\"500\" height=\"281\" src=\"https:\/\/www.youtube.com\/embed\/0qIrUkUZ2GA?feature=oembed\" frameborder=\"0\" allow=\"accelerometer; autoplay; clipboard-write; encrypted-media; gyroscope; picture-in-picture; web-share\" referrerpolicy=\"strict-origin-when-cross-origin\" allowfullscreen><\/iframe>\n<\/div><\/figure>\n\n\n\n<p class=\"has-text-align-center\">El Dr. Jason Hubbard presenta la Iniciativa Breakthrough Prayer 110 Cities<\/p>\n\n\n\n<p class=\"has-text-align-center\">Mas en: <a href=\"https:\/\/deanbriggs.com\/\" target=\"_blank\" rel=\"noreferrer noopener\">https:\/\/deanbriggs.com\/<\/a><\/p>","protected":false},"excerpt":{"rendered":"<p>Dr Jason Hubbard introduces 4 Global Days of Prayer for 2025 Pentecost Prayers from...<\/p>","protected":false},"author":1,"featured_media":0,"parent":0,"menu_order":0,"comment_status":"closed","ping_status":"closed","template":"","meta":{"_acf_changed":false,"footnotes":""},"class_list":["post-1072","page","type-page","status-publish","hentry"],"acf":[],"ams_acf":[],"_links":{"self":[{"href":"https:\/\/110cities.gopray.world\/es\/wp-json\/wp\/v2\/pages\/1072","targetHints":{"allow":["GET"]}}],"collection":[{"href":"https:\/\/110cities.gopray.world\/es\/wp-json\/wp\/v2\/pages"}],"about":[{"href":"https:\/\/110cities.gopray.world\/es\/wp-json\/wp\/v2\/types\/page"}],"author":[{"embeddable":true,"href":"https:\/\/110cities.gopray.world\/es\/wp-json\/wp\/v2\/users\/1"}],"replies":[{"embeddable":true,"href":"https:\/\/110cities.gopray.world\/es\/wp-json\/wp\/v2\/comments?post=1072"}],"version-history":[{"count":16,"href":"https:\/\/110cities.gopray.world\/es\/wp-json\/wp\/v2\/pages\/1072\/revisions"}],"predecessor-version":[{"id":4038,"href":"https:\/\/110cities.gopray.world\/es\/wp-json\/wp\/v2\/pages\/1072\/revisions\/4038"}],"wp:attachment":[{"href":"https:\/\/110cities.gopray.world\/es\/wp-json\/wp\/v2\/media?parent=1072"}],"curies":[{"name":"wp","href":"https:\/\/api.w.org\/{rel}","templated":true}]}}