{"id":214,"date":"2022-11-16T11:30:16","date_gmt":"2022-11-16T11:30:16","guid":{"rendered":"https:\/\/www.110cities.com\/?page_id=214"},"modified":"2022-11-30T07:16:52","modified_gmt":"2022-11-30T07:16:52","slug":"scriptures","status":"publish","type":"page","link":"https:\/\/110cities.gopray.world\/es\/scriptures\/","title":{"rendered":"Escrituras"},"content":{"rendered":"<h3 class=\"has-color-4-color has-text-color wp-block-heading\">PREPARACI\u00d3N DEL CORAZ\u00d3N<\/h3>\n\n\n\n<p>ENCOMIENDA tu caminar al Se\u00f1or, p\u00eddele al Esp\u00edritu que te gu\u00ede<br>CUBRIRSE con la protecci\u00f3n divina Salmo 91:1-16<br>CON\u00c9CTATE con el Esp\u00edritu Santo Romanos 8:26-27<\/p>\n\n\n\n<h3 class=\"has-color-4-color has-text-color wp-block-heading\">ORAR EL PADRE NUESTRO<\/h3>\n\n\n\n<p>Mateo 6:9-10<\/p>\n\n\n\n<h3 class=\"has-color-4-color has-text-color wp-block-heading\">AUTORIDAD:<\/h3>\n\n\n\n<p>Sobre todo el &#039;poder del enemigo&#039; Lucas 10:19<br>Actuar sobre la disciplina de la iglesia Mateo 18:15-20<br>Ser embajadores de la reconciliaci\u00f3n en la evangelizaci\u00f3n y el discipulado Mateo 28:19, 2 Cor. 5:18-20<br>Al ense\u00f1ar la verdad del evangelio Tito 2:15<br>Exponer y echar fuera demonios 2 Cor. 4:4-6<br>&#039;Contiende, oh Se\u00f1or...&#039; Salmo 35:1 NVI<br>No hay nadie como t\u00fa. Jerem\u00edas 10:6-7 NVI<\/p>\n\n\n\n<h3 class=\"has-color-4-color has-text-color wp-block-heading\">\u00a1SUPREMAC\u00cdA DE CRISTO SOBRE TODA CIUDAD!<\/h3>\n\n\n\n<p>Salmo 110:1-7 NVI<br>Salmo 24:1 NVI<br>Habacuc 2:14 NVI<br>Malaqu\u00edas 1:11 NVI<br>Salmo 22:27 NVI<br>Salmo 67:1-7 NVI<br>Mateo 28:18 NVI<br>Daniel 7:13\u201314 NVI<br>Apocalipsis 5:12 NVI<br>Colosenses 1:15\u201318 NVI<\/p>\n\n\n\n<h3 class=\"has-color-4-color has-text-color wp-block-heading\">\u00a1EL REINO DE DIOS HA DE VENIR EN CADA CIUDAD!<\/h3>\n\n\n\n<p>Mateo 6:9\u201310 NVI<br>Apocalipsis 1:5 NVI<br>Jerem\u00edas 29:7 NVI<br>Isa\u00edas 9:2,6-7 NVI<\/p>\n\n\n\n<h3 class=\"has-color-4-color has-text-color wp-block-heading\">DERRAMAMIENTO Y CONVICCI\u00d3N<\/h3>\n\n\n\n<p>Hechos 2:16\u201317 NVI<br>Isa\u00edas 64:1\u20132 NVI<br>Salmo 144:5\u20138 NVI<br>Juan 16:8\u201311 NVI<\/p>\n\n\n\n<h3 class=\"has-color-4-color has-text-color wp-block-heading\">PADRE QUE ENTREGUE A SU HIJO LAS NACIONES\u2026<\/h3>\n\n\n\n<p>Salmo 2:6\u20138 NVI<\/p>\n\n\n\n<h3 class=\"has-color-4-color has-text-color wp-block-heading\">\u00a1ENV\u00cdAN OBREROS!<\/h3>\n\n\n\n<p>Mateo 9:35\u201338 NVI<\/p>\n\n\n\n<h3 class=\"has-color-4-color has-text-color wp-block-heading\">\u00a1ABRE UNA PUERTA AL EVANGELIO EN CADA CIUDAD!<\/h3>\n\n\n\n<p>Colosenses 4:2\u20134 NVI<\/p>\n\n\n\n<h3 class=\"has-color-4-color has-text-color wp-block-heading\">QUITA LA CEGUERA<\/h3>\n\n\n\n<p>2 Corintios 4:4 NVI<\/p>\n\n\n\n<h3 class=\"has-color-4-color has-text-color wp-block-heading\">UNEN LOS PRINCIPADOS Y PODERES DE LAS TINIEBLAS<\/h3>\n\n\n\n<p>Mateo 18:18\u201320 NVI<br>Mateo 12:28\u201329 NVI<br>1 Juan 3:8 NVI<br>Colosenses 2:15 NVI<br>Lucas 10:19\u201320 NVI<\/p>\n\n\n\n<h3 class=\"has-color-4-color has-text-color wp-block-heading\">SUPERAR LA OSCURIDAD DE ALTO NIVEL<\/h3>\n\n\n\n<p>Efesios 3:10<br>Recibir revelaci\u00f3n Ef. 1:1-23<br>Recibiendo la unidad a trav\u00e9s de la Cruz Ef. 2:13-22<br>Viviendo en amor, a trav\u00e9s del Esp\u00edritu. Ef. 3:14-20<br>Abrazando la humildad Ef. 4:1-6<br>Andando en pureza Ef. 4:20-6:9<br>De pie contra la oscuridad de alto nivel Ef. 6:10-20<\/p>\n\n\n\n<h3 class=\"has-color-4-color has-text-color wp-block-heading\">IMPERATIVOS PARA UNA CONGREGACI\u00d3N, ORGANIZACI\u00d3N O MOVIMIENTO EVANGELIO DE CIUDAD<\/h3>\n\n\n\n<p>Ef. 5:8-14, 2 Co. 10:3-5, Efe. 6:18, Efesios 5:8-11, Efesios 6:19-20<\/p>\n\n\n\n<h3 class=\"has-color-4-color has-text-color wp-block-heading\">IMPERATIVOS PARA VIVIR EN AUT\u00c9NTICA COMUNIDAD DEL REINO<\/h3>\n\n\n\n<p>Efesios 4:25, Efesios 4:26-27, Efesios 4:29, Efesios 4:31-32,<br>Efesios 5:3, Efesios 5:11, Efesios 5:18-21, Efesios 5:22-33<\/p>\n\n\n\n<p>Enlaces de vers\u00edculos de la aplicaci\u00f3n b\u00edblica YouVersion<\/p>\n\n\n\n<div class=\"wp-block-buttons is-layout-flex wp-block-buttons-is-layout-flex\">\n<div class=\"wp-block-button\"><a class=\"wp-block-button__link wp-element-button\" href=\"https:\/\/www.110cities.com\/wp-content\/uploads\/2022\/11\/Prayer-Walking-Scriptures-110-Cities.pdf\" target=\"_blank\" rel=\"noreferrer noopener\">Descargar PDF<\/a><\/div>\n<\/div>","protected":false},"excerpt":{"rendered":"<p>PREPARACI\u00d3N DEL CORAZ\u00d3N ENCOMIENDE su caminar al Se\u00f1or, pida al Esp\u00edritu que los gu\u00ede CUBIERTOS...<\/p>","protected":false},"author":1,"featured_media":0,"parent":0,"menu_order":0,"comment_status":"closed","ping_status":"closed","template":"","meta":{"_acf_changed":false,"footnotes":""},"class_list":["post-214","page","type-page","status-publish","hentry"],"acf":[],"ams_acf":[],"_links":{"self":[{"href":"https:\/\/110cities.gopray.world\/es\/wp-json\/wp\/v2\/pages\/214","targetHints":{"allow":["GET"]}}],"collection":[{"href":"https:\/\/110cities.gopray.world\/es\/wp-json\/wp\/v2\/pages"}],"about":[{"href":"https:\/\/110cities.gopray.world\/es\/wp-json\/wp\/v2\/types\/page"}],"author":[{"embeddable":true,"href":"https:\/\/110cities.gopray.world\/es\/wp-json\/wp\/v2\/users\/1"}],"replies":[{"embeddable":true,"href":"https:\/\/110cities.gopray.world\/es\/wp-json\/wp\/v2\/comments?post=214"}],"version-history":[{"count":17,"href":"https:\/\/110cities.gopray.world\/es\/wp-json\/wp\/v2\/pages\/214\/revisions"}],"predecessor-version":[{"id":412,"href":"https:\/\/110cities.gopray.world\/es\/wp-json\/wp\/v2\/pages\/214\/revisions\/412"}],"wp:attachment":[{"href":"https:\/\/110cities.gopray.world\/es\/wp-json\/wp\/v2\/media?parent=214"}],"curies":[{"name":"wp","href":"https:\/\/api.w.org\/{rel}","templated":true}]}}