{"id":444,"date":"2022-11-29T07:38:35","date_gmt":"2022-11-29T07:38:35","guid":{"rendered":"https:\/\/www.110cities.com\/?page_id=444"},"modified":"2022-11-30T07:00:18","modified_gmt":"2022-11-30T07:00:18","slug":"prayer-walking-overview","status":"publish","type":"page","link":"https:\/\/110cities.gopray.world\/fi\/prayer-walking-overview\/","title":{"rendered":"Rukousk\u00e4velyn yleiskatsaus"},"content":{"rendered":"<p>Rukousk\u00e4vely on yksinkertaisesti rukoilemista paikan p\u00e4\u00e4ll\u00e4 oivalluksen (havainnoinnin) ja inspiraation (ilmoitus) avulla. Se on rukouksen muoto, joka on n\u00e4kyv\u00e4, sanallinen ja liikkuva.<\/p>\n\n\n\n<p>Sen k\u00e4ytt\u00f6kelpoisuus on kaksiosainen: 1. Hengellisen tiedustelun saavuttaminen ja 2. Jumalan sanan ja Hengen voiman vapauttaminen tietyiss\u00e4 paikoissa ja tietyille ihmisille.<\/p>\n\n\n\n<p><strong><em>&quot;Varmista, ett\u00e4 Jumalaa puhutaan ja ihmiset ovat siunattuja&quot; (Steve Hawthorne)<\/em><\/strong><\/p>\n\n\n\n<h2 class=\"wp-block-heading\">I. RUKOUSK\u00c4VELY SIS\u00c4LT\u00c4\u00c4<\/h2>\n\n\n\n<ol class=\"wp-block-list\">\n<li>K\u00e4vely - pareittain tai kolmosina <\/li>\n\n\n\n<li>Palvominen -- Jumalan nimien ja luonnon ylist\u00e4minen <\/li>\n\n\n\n<li>Katsominen -- ulkoiset vihjeet (tiedot paikoista ja kasvoista) ja sis\u00e4iset vihjeet (Herran erottelukyky)<\/li>\n<\/ol>\n\n\n\n<h2 class=\"wp-block-heading\">II. VALMISTAUTUMINEN<\/h2>\n\n\n\n<ol class=\"wp-block-list\">\n<li>Anna vaelluksesi Herralle, pyyd\u00e4 Henke\u00e4 opastamaan<\/li>\n\n\n\n<li>Peit\u00e4 itsesi jumalallisella suojalla (Ps. 91)<\/li>\n\n\n\n<li>Ota yhteytt\u00e4 Pyh\u00e4\u00e4n Henkeen (Ro. 8:26, 27)<\/li>\n<\/ol>\n\n\n\n<h2 class=\"wp-block-heading\">III. RUKOUSk\u00e4vely<\/h2>\n\n\n\n<ol class=\"wp-block-list\">\n<li>Sekoita ja sekoita keskustelu ylistykseen ja rukoukseen<\/li>\n\n\n\n<li>Kun aloitat, ylist\u00e4 ja siunaa Herraa<\/li>\n\n\n\n<li>K\u00e4yt\u00e4 Raamattua vapauttaaksesi Jumalan siunauksen<\/li>\n\n\n\n<li>Pyyd\u00e4 Henke\u00e4 ohjaamaan askeleitasi\n<ul class=\"wp-block-list\">\n<li>Sis\u00e4\u00e4n ja k\u00e4vele rakennuksissa<\/li>\n\n\n\n<li>Viipy\u00e4 tietyss\u00e4 paikassa<\/li>\n\n\n\n<li>Pys\u00e4hdy ja rukoile ihmisten puolesta<\/li>\n<\/ul>\n<\/li>\n<\/ol>\n\n\n\n<h2 class=\"wp-block-heading\">IV. DE-BRIEF<\/h2>\n\n\n\n<ol class=\"wp-block-list\">\n<li>Glean: mit\u00e4 havaitsimme tai koimme?<\/li>\n\n\n\n<li>Onko sinulla yll\u00e4tt\u00e4vi\u00e4 &quot;jumaliaisia tapaamisia&quot;?<\/li>\n\n\n\n<li>Tislaa 2-3 rukouskohtaa ja lopeta yhteisrukouksella<\/li>\n<\/ol>","protected":false},"excerpt":{"rendered":"<p>Rukousk\u00e4vely on yksinkertaisesti rukoilemista paikan p\u00e4\u00e4ll\u00e4 oivalluksen (havainnoinnin) ja inspiraation (ilmoitus) avulla. Se on...<\/p>","protected":false},"author":1,"featured_media":0,"parent":0,"menu_order":0,"comment_status":"closed","ping_status":"closed","template":"","meta":{"_acf_changed":false,"footnotes":""},"class_list":["post-444","page","type-page","status-publish","hentry"],"acf":[],"ams_acf":[],"_links":{"self":[{"href":"https:\/\/110cities.gopray.world\/fi\/wp-json\/wp\/v2\/pages\/444","targetHints":{"allow":["GET"]}}],"collection":[{"href":"https:\/\/110cities.gopray.world\/fi\/wp-json\/wp\/v2\/pages"}],"about":[{"href":"https:\/\/110cities.gopray.world\/fi\/wp-json\/wp\/v2\/types\/page"}],"author":[{"embeddable":true,"href":"https:\/\/110cities.gopray.world\/fi\/wp-json\/wp\/v2\/users\/1"}],"replies":[{"embeddable":true,"href":"https:\/\/110cities.gopray.world\/fi\/wp-json\/wp\/v2\/comments?post=444"}],"version-history":[{"count":2,"href":"https:\/\/110cities.gopray.world\/fi\/wp-json\/wp\/v2\/pages\/444\/revisions"}],"predecessor-version":[{"id":446,"href":"https:\/\/110cities.gopray.world\/fi\/wp-json\/wp\/v2\/pages\/444\/revisions\/446"}],"wp:attachment":[{"href":"https:\/\/110cities.gopray.world\/fi\/wp-json\/wp\/v2\/media?parent=444"}],"curies":[{"name":"wp","href":"https:\/\/api.w.org\/{rel}","templated":true}]}}