{"id":214,"date":"2022-11-16T11:30:16","date_gmt":"2022-11-16T11:30:16","guid":{"rendered":"https:\/\/www.110cities.com\/?page_id=214"},"modified":"2022-11-30T07:16:52","modified_gmt":"2022-11-30T07:16:52","slug":"scriptures","status":"publish","type":"page","link":"https:\/\/110cities.gopray.world\/pt\/scriptures\/","title":{"rendered":"escrituras"},"content":{"rendered":"<h3 class=\"has-color-4-color has-text-color wp-block-heading\">PREPARA\u00c7\u00c3O DO CORA\u00c7\u00c3O<\/h3>\n\n\n\n<p>ENTREGUE sua caminhada ao Senhor, pe\u00e7a ao Esp\u00edrito para gui\u00e1-lo<br>COBRE-SE com a prote\u00e7\u00e3o divina Salmo 91:1-16<br>CONECTE-SE com o Esp\u00edrito Santo Romanos 8:26-27<\/p>\n\n\n\n<h3 class=\"has-color-4-color has-text-color wp-block-heading\">ORAR A ORA\u00c7\u00c3O DO SENHOR<\/h3>\n\n\n\n<p>Mateus 6:9-10<\/p>\n\n\n\n<h3 class=\"has-color-4-color has-text-color wp-block-heading\">AUTORIDADE:<\/h3>\n\n\n\n<p>Sobre todo o &#039;poder do inimigo&#039; Lucas 10:19<br>Para agir na disciplina da igreja Mateus 18:15-20<br>Ser embaixadores da reconcilia\u00e7\u00e3o no evangelismo e discipulado Mateus 28:19, 2 Cor. 5:18-20<br>Ao ensinar a verdade do evangelho Tito 2:15<br>Expor e expulsar dem\u00f4nios 2 Cor. 4:4-6<br>&#039;Contende, \u00f3 Senhor...&#039; Salmo 35:1 NVI<br>N\u00e3o h\u00e1 ningu\u00e9m como voc\u00ea. Jeremias 10:6-7 NKJV<\/p>\n\n\n\n<h3 class=\"has-color-4-color has-text-color wp-block-heading\">SUPREMACIA DE CRISTO SOBRE CADA CIDADE!<\/h3>\n\n\n\n<p>Salmo 110:1-7 NKJV<br>Salmo 24:1 NKJV<br>Habacuque 2:14 NKJV<br>Malaquias 1:11 NKJV<br>Salmo 22:27 NKJV<br>Salmo 67:1-7 NKJV<br>Mateus 28:18 NKJV<br>Daniel 7:13\u201314 NKJV<br>Apocalipse 5:12 NKJV<br>Colossenses 1:15\u201318 NKJV<\/p>\n\n\n\n<h3 class=\"has-color-4-color has-text-color wp-block-heading\">O REINO DE DEUS VEM EM TODAS AS CIDADES!<\/h3>\n\n\n\n<p>Mateus 6:9\u201310 NKJV<br>Apocalipse 1:5 NKJV<br>Jeremias 29:7 NVI<br>Isa\u00edas 9:2,6-7 NKJV<\/p>\n\n\n\n<h3 class=\"has-color-4-color has-text-color wp-block-heading\">DERRAMAMENTO E CONVIC\u00c7\u00c3O<\/h3>\n\n\n\n<p>Atos 2:16\u201317 NKJV<br>Isa\u00edas 64:1\u20132 NKJV<br>Salmo 144:5\u20138 NVI<br>Jo\u00e3o 16:8\u201311 NKJV<\/p>\n\n\n\n<h3 class=\"has-color-4-color has-text-color wp-block-heading\">PAI PARA DAR A SEU FILHO AS NA\u00c7\u00d5ES...<\/h3>\n\n\n\n<p>Salmo 2:6\u20138 NKJV<\/p>\n\n\n\n<h3 class=\"has-color-4-color has-text-color wp-block-heading\">ENVIE TRABALHADORES!<\/h3>\n\n\n\n<p>Mateus 9:35\u201338 NKJV<\/p>\n\n\n\n<h3 class=\"has-color-4-color has-text-color wp-block-heading\">ABRA UMA PORTA PARA O EVANGELHO EM CADA CIDADE!<\/h3>\n\n\n\n<p>Colossenses 4:2\u20134 NVI<\/p>\n\n\n\n<h3 class=\"has-color-4-color has-text-color wp-block-heading\">REMOVA A CEGUEIRA<\/h3>\n\n\n\n<p>2 Cor\u00edntios 4:4 NVI<\/p>\n\n\n\n<h3 class=\"has-color-4-color has-text-color wp-block-heading\">LIGAR OS PRINCIPADOS E PODERES DAS TREVAS<\/h3>\n\n\n\n<p>Mateus 18:18\u201320 NKJV<br>Mateus 12:28\u201329 NKJV<br>1 Jo\u00e3o 3:8 NKJV<br>Colossenses 2:15 NKJV<br>Lucas 10:19\u201320 NKJV<\/p>\n\n\n\n<h3 class=\"has-color-4-color has-text-color wp-block-heading\">SUPERANDO A ESCURID\u00c3O DE ALTO N\u00cdVEL<\/h3>\n\n\n\n<p>Ef\u00e9sios 3:10<br>Recebendo revela\u00e7\u00e3o Ef. 1:1-23<br>Recebendo a unidade pela Cruz Ef. 2:13-22<br>Viver no amor, atrav\u00e9s do Esp\u00edrito. Ef. 3:14-20<br>Abra\u00e7ar a humildade Ef. 4:1-6<br>Andar em pureza Ef. 4:20-6:9<br>Permanecendo contra a escurid\u00e3o de alto n\u00edvel Ef. 6:10-20<\/p>\n\n\n\n<h3 class=\"has-color-4-color has-text-color wp-block-heading\">IMPERATIVOS PARA UMA CONGREGA\u00c7\u00c3O, ORGANIZA\u00c7\u00c3O OU MOVIMENTO DO EVANGELHO DA CIDADE<\/h3>\n\n\n\n<p>Ef. 5:8-14, 2 Cor. 10:3-5, Ef. 6:18, Ef 5:8-11, Ef 6:19-20<\/p>\n\n\n\n<h3 class=\"has-color-4-color has-text-color wp-block-heading\">IMPERATIVOS PARA VIVER NA AUT\u00caNTICA COMUNIDADE DO REINO<\/h3>\n\n\n\n<p>Ef 4:25, Ef 4:26-27, Ef 4:29, Ef 4:31-32,<br>Ef 5:3, Ef 5:11, Ef 5: 18-21, Ef 5: 22-33<\/p>\n\n\n\n<p>Links de vers\u00edculos do YouVersion Bible App<\/p>\n\n\n\n<div class=\"wp-block-buttons is-layout-flex wp-block-buttons-is-layout-flex\">\n<div class=\"wp-block-button\"><a class=\"wp-block-button__link wp-element-button\" href=\"https:\/\/www.110cities.com\/wp-content\/uploads\/2022\/11\/Prayer-Walking-Scriptures-110-Cities.pdf\" target=\"_blank\" rel=\"noreferrer noopener\">baixar PDF<\/a><\/div>\n<\/div>","protected":false},"excerpt":{"rendered":"<p>PREPARA\u00c7\u00c3O DO CORA\u00c7\u00c3O ENTREGUE SUA CAMINHADA AO SENHOR, PE\u00c7A AO ESP\u00cdRITO PARA GUIAR COBRE-SE...<\/p>","protected":false},"author":1,"featured_media":0,"parent":0,"menu_order":0,"comment_status":"closed","ping_status":"closed","template":"","meta":{"_acf_changed":false,"footnotes":""},"class_list":["post-214","page","type-page","status-publish","hentry"],"acf":[],"ams_acf":[],"_links":{"self":[{"href":"https:\/\/110cities.gopray.world\/pt\/wp-json\/wp\/v2\/pages\/214","targetHints":{"allow":["GET"]}}],"collection":[{"href":"https:\/\/110cities.gopray.world\/pt\/wp-json\/wp\/v2\/pages"}],"about":[{"href":"https:\/\/110cities.gopray.world\/pt\/wp-json\/wp\/v2\/types\/page"}],"author":[{"embeddable":true,"href":"https:\/\/110cities.gopray.world\/pt\/wp-json\/wp\/v2\/users\/1"}],"replies":[{"embeddable":true,"href":"https:\/\/110cities.gopray.world\/pt\/wp-json\/wp\/v2\/comments?post=214"}],"version-history":[{"count":17,"href":"https:\/\/110cities.gopray.world\/pt\/wp-json\/wp\/v2\/pages\/214\/revisions"}],"predecessor-version":[{"id":412,"href":"https:\/\/110cities.gopray.world\/pt\/wp-json\/wp\/v2\/pages\/214\/revisions\/412"}],"wp:attachment":[{"href":"https:\/\/110cities.gopray.world\/pt\/wp-json\/wp\/v2\/media?parent=214"}],"curies":[{"name":"wp","href":"https:\/\/api.w.org\/{rel}","templated":true}]}}