{"id":1072,"date":"2022-12-13T10:42:21","date_gmt":"2022-12-13T10:42:21","guid":{"rendered":"https:\/\/www.110cities.com\/?page_id=1072"},"modified":"2025-01-03T19:06:43","modified_gmt":"2025-01-03T12:06:43","slug":"watch","status":"publish","type":"page","link":"https:\/\/110cities.gopray.world\/ro\/watch\/","title":{"rendered":"Ceas"},"content":{"rendered":"<h3 class=\"wp-block-heading has-text-align-center\">Dr. Jason Hubbard introduce 4 zile globale de rug\u0103ciune pentru 2025<\/h3>\n\n\n\n<figure class=\"wp-block-embed is-type-video is-provider-youtube wp-block-embed-youtube wp-embed-aspect-16-9 wp-has-aspect-ratio\"><div class=\"wp-block-embed__wrapper\">\n<iframe loading=\"lazy\" title=\"4 Zile globale de rug\u0103ciune 2025\" width=\"500\" height=\"281\" src=\"https:\/\/www.youtube.com\/embed\/GHayGIgd9BA?feature=oembed\" frameborder=\"0\" allow=\"accelerometer; autoplay; clipboard-write; encrypted-media; gyroscope; picture-in-picture; web-share\" referrerpolicy=\"strict-origin-when-cross-origin\" allowfullscreen><\/iframe>\n<\/div><\/figure>\n\n\n\n<h3 class=\"wp-block-heading has-text-align-center\">Rug\u0103ciunile de Rusalii din Bogota, Columbia - 17 mai 2024<\/h3>\n\n\n\n<figure class=\"wp-block-embed is-type-video is-provider-youtube wp-block-embed-youtube wp-embed-aspect-16-9 wp-has-aspect-ratio\"><div class=\"wp-block-embed__wrapper\">\n<iframe loading=\"lazy\" title=\"Rug\u0103ciunile de Rusalii din Bogota, Columbia - 17 mai 2024\" width=\"500\" height=\"281\" src=\"https:\/\/www.youtube.com\/embed\/A8qAGP5n9A4?feature=oembed\" frameborder=\"0\" allow=\"accelerometer; autoplay; clipboard-write; encrypted-media; gyroscope; picture-in-picture; web-share\" referrerpolicy=\"strict-origin-when-cross-origin\" allowfullscreen><\/iframe>\n<\/div><\/figure>\n\n\n\n<h3 class=\"wp-block-heading has-text-align-center\">7 sarcini - Rolul unui paznic - Dr Jason Hubbard - IPC<\/h3>\n\n\n\n<figure class=\"wp-block-embed is-type-video is-provider-youtube wp-block-embed-youtube wp-embed-aspect-16-9 wp-has-aspect-ratio\"><div class=\"wp-block-embed__wrapper\">\n<iframe loading=\"lazy\" title=\"7 sarcini - Rolul unui paznic - Dr Jason Hubbard - IPC\" width=\"500\" height=\"281\" src=\"https:\/\/www.youtube.com\/embed\/oOiju8Vn2vM?feature=oembed\" frameborder=\"0\" allow=\"accelerometer; autoplay; clipboard-write; encrypted-media; gyroscope; picture-in-picture; web-share\" referrerpolicy=\"strict-origin-when-cross-origin\" allowfullscreen><\/iframe>\n<\/div><\/figure>\n\n\n\n<h3 class=\"wp-block-heading has-text-align-center\">O noapte miracol\u0103 - 24 de ore de rug\u0103ciune global\u0103 - vineri, 5 aprilie 2024<\/h3>\n\n\n\n<figure class=\"wp-block-embed is-type-video is-provider-youtube wp-block-embed-youtube wp-embed-aspect-16-9 wp-has-aspect-ratio\"><div class=\"wp-block-embed__wrapper\">\n<iframe loading=\"lazy\" title=\"O noapte miracol\u0103 - 24 de ore de rug\u0103ciune global\u0103 - vineri, 5 aprilie 2024\" width=\"500\" height=\"281\" src=\"https:\/\/www.youtube.com\/embed\/3bfOphXk-CA?feature=oembed\" frameborder=\"0\" allow=\"accelerometer; autoplay; clipboard-write; encrypted-media; gyroscope; picture-in-picture; web-share\" referrerpolicy=\"strict-origin-when-cross-origin\" allowfullscreen><\/iframe>\n<\/div><\/figure>\n\n\n\n<h3 class=\"wp-block-heading has-text-align-center\">Rusaliile 2023 - Ziua global\u0103 de rug\u0103ciune pentru <a href=\"https:\/\/www.110cities.com\/blog\/cities\/jerusalem\/\" target=\"_blank\" rel=\"noopener\">Ierusalim<\/a> \u0219i Na\u021biunile<\/h3>\n\n\n\n<figure class=\"wp-block-embed is-type-video is-provider-youtube wp-block-embed-youtube wp-embed-aspect-16-9 wp-has-aspect-ratio\"><div class=\"wp-block-embed__wrapper\">\n<iframe loading=\"lazy\" title=\"Rusaliile 2023 - Ziua global\u0103 de rug\u0103ciune pentru Ierusalim \u0219i Na\u021biuni\" width=\"500\" height=\"281\" src=\"https:\/\/www.youtube.com\/embed\/LRRd1eEt2rE?feature=oembed\" frameborder=\"0\" allow=\"accelerometer; autoplay; clipboard-write; encrypted-media; gyroscope; picture-in-picture; web-share\" referrerpolicy=\"strict-origin-when-cross-origin\" allowfullscreen><\/iframe>\n<\/div><\/figure>\n\n\n\n<h3 class=\"wp-block-heading has-text-align-center\">One Miracle Night - 17 aprilie 2023<\/h3>\n\n\n\n<figure class=\"wp-block-embed is-type-video is-provider-youtube wp-block-embed-youtube wp-embed-aspect-16-9 wp-has-aspect-ratio\"><div class=\"wp-block-embed__wrapper\">\n<iframe loading=\"lazy\" title=\"One Miracle Night - luni, 17 aprilie 2023\" width=\"500\" height=\"281\" src=\"https:\/\/www.youtube.com\/embed\/kvT4O4jthyE?feature=oembed\" frameborder=\"0\" allow=\"accelerometer; autoplay; clipboard-write; encrypted-media; gyroscope; picture-in-picture; web-share\" referrerpolicy=\"strict-origin-when-cross-origin\" allowfullscreen><\/iframe>\n<\/div><\/figure>\n\n\n\n<h3 class=\"wp-block-heading has-text-align-center\">Lansarea 110 ora\u0219e 2023 - IHOPKC - 6 decembrie 2022<\/h3>\n\n\n\n<figure class=\"wp-block-embed is-type-video is-provider-youtube wp-block-embed-youtube wp-embed-aspect-16-9 wp-has-aspect-ratio\"><div class=\"wp-block-embed__wrapper\">\n<iframe loading=\"lazy\" title=\"Lansarea 110 Cities 2023 - IHOPKC - Clipul 2\" width=\"500\" height=\"281\" src=\"https:\/\/www.youtube.com\/embed\/Gd-uEnW2rQY?feature=oembed\" frameborder=\"0\" allow=\"accelerometer; autoplay; clipboard-write; encrypted-media; gyroscope; picture-in-picture; web-share\" referrerpolicy=\"strict-origin-when-cross-origin\" allowfullscreen><\/iframe>\n<\/div><\/figure>\n\n\n\n<p class=\"has-text-align-center\">\u201eDominionul\u201d biblic Un studiu cu Dean Briggs<\/p>\n\n\n\n<figure class=\"wp-block-embed is-type-video is-provider-youtube wp-block-embed-youtube wp-embed-aspect-16-9 wp-has-aspect-ratio\"><div class=\"wp-block-embed__wrapper\">\n<iframe loading=\"lazy\" title=\"Dominion - Psalmul 72 - Dean Briggs\" width=\"500\" height=\"281\" src=\"https:\/\/www.youtube.com\/embed\/6tbYjIew1Fo?feature=oembed\" frameborder=\"0\" allow=\"accelerometer; autoplay; clipboard-write; encrypted-media; gyroscope; picture-in-picture; web-share\" referrerpolicy=\"strict-origin-when-cross-origin\" allowfullscreen><\/iframe>\n<\/div><\/figure>\n\n\n\n<p class=\"has-text-align-center\">Dean Briggs de la Casa Interna\u021bional\u0103 de Rug\u0103ciune Kansas \u00eemp\u0103rt\u0103\u0219e\u0219te o \u00eenv\u0103\u021b\u0103tur\u0103 despre chemarea \u0219i scopul Ekklesia din Psalmul 72 - explor\u00e2nd tema \u201eDominionului\u201d.<\/p>\n\n\n\n<figure class=\"wp-block-embed is-type-video is-provider-youtube wp-block-embed-youtube wp-embed-aspect-16-9 wp-has-aspect-ratio\"><div class=\"wp-block-embed__wrapper\">\n<iframe loading=\"lazy\" title=\"Dr Jason Hubbard - Introducere 110 ora\u0219e\" width=\"500\" height=\"281\" src=\"https:\/\/www.youtube.com\/embed\/Xo3Y9NapYuI?feature=oembed\" frameborder=\"0\" allow=\"accelerometer; autoplay; clipboard-write; encrypted-media; gyroscope; picture-in-picture; web-share\" referrerpolicy=\"strict-origin-when-cross-origin\" allowfullscreen><\/iframe>\n<\/div><\/figure>\n\n\n\n<p class=\"has-text-align-center\">Dr. Jason Hubbard prezint\u0103 Ini\u021biativa 110 ora\u0219e \u0219i principiile \u0219i liniile directoare pentru mersul \u00een rug\u0103ciune.<\/p>\n\n\n\n<figure class=\"wp-block-embed is-type-video is-provider-youtube wp-block-embed-youtube wp-embed-aspect-16-9 wp-has-aspect-ratio\"><div class=\"wp-block-embed__wrapper\">\n<iframe loading=\"lazy\" title=\"Promo\u021bia 110 ora\u0219e - Dr Jason Hubbard\" width=\"500\" height=\"281\" src=\"https:\/\/www.youtube.com\/embed\/0qIrUkUZ2GA?feature=oembed\" frameborder=\"0\" allow=\"accelerometer; autoplay; clipboard-write; encrypted-media; gyroscope; picture-in-picture; web-share\" referrerpolicy=\"strict-origin-when-cross-origin\" allowfullscreen><\/iframe>\n<\/div><\/figure>\n\n\n\n<p class=\"has-text-align-center\">Dr Jason Hubbard prezint\u0103 ini\u021biativa Breakthrough Prayer 110 Cities<\/p>\n\n\n\n<p class=\"has-text-align-center\">Mai multe la: <a href=\"https:\/\/deanbriggs.com\/\" target=\"_blank\" rel=\"noreferrer noopener\">https:\/\/deanbriggs.com\/<\/a><\/p>","protected":false},"excerpt":{"rendered":"<p>Dr Jason Hubbard introduces 4 Global Days of Prayer for 2025 Pentecost Prayers from...<\/p>","protected":false},"author":1,"featured_media":0,"parent":0,"menu_order":0,"comment_status":"closed","ping_status":"closed","template":"","meta":{"_acf_changed":false,"footnotes":""},"class_list":["post-1072","page","type-page","status-publish","hentry"],"acf":[],"ams_acf":[],"_links":{"self":[{"href":"https:\/\/110cities.gopray.world\/ro\/wp-json\/wp\/v2\/pages\/1072","targetHints":{"allow":["GET"]}}],"collection":[{"href":"https:\/\/110cities.gopray.world\/ro\/wp-json\/wp\/v2\/pages"}],"about":[{"href":"https:\/\/110cities.gopray.world\/ro\/wp-json\/wp\/v2\/types\/page"}],"author":[{"embeddable":true,"href":"https:\/\/110cities.gopray.world\/ro\/wp-json\/wp\/v2\/users\/1"}],"replies":[{"embeddable":true,"href":"https:\/\/110cities.gopray.world\/ro\/wp-json\/wp\/v2\/comments?post=1072"}],"version-history":[{"count":16,"href":"https:\/\/110cities.gopray.world\/ro\/wp-json\/wp\/v2\/pages\/1072\/revisions"}],"predecessor-version":[{"id":4038,"href":"https:\/\/110cities.gopray.world\/ro\/wp-json\/wp\/v2\/pages\/1072\/revisions\/4038"}],"wp:attachment":[{"href":"https:\/\/110cities.gopray.world\/ro\/wp-json\/wp\/v2\/media?parent=1072"}],"curies":[{"name":"wp","href":"https:\/\/api.w.org\/{rel}","templated":true}]}}