{"id":895,"date":"2022-11-30T11:58:12","date_gmt":"2022-11-30T11:58:12","guid":{"rendered":"https:\/\/www.110cities.com\/?page_id=895"},"modified":"2022-11-30T12:01:58","modified_gmt":"2022-11-30T12:01:58","slug":"join-110","status":"publish","type":"page","link":"https:\/\/110cities.gopray.world\/vi\/join-110\/","title":{"rendered":"Tham gia 110"},"content":{"rendered":"<p>Ch\u00fang t\u00f4i \u0111ang t\u00ecm ki\u1ebfm nh\u1eefng ng\u01b0\u1eddi chia s\u1ebb T\u1ea7m nh\u00ecn 110 Th\u00e0nh ph\u1ed1 v\u00e0 s\u1eb5n s\u00e0ng tham gia m\u1ed9t c\u00e1ch thi\u1ebft th\u1ef1c c\u0169ng nh\u01b0 c\u1ea7u nguy\u1ec7n!<\/p>\n\n\n\n<p>N\u1ebfu b\u1ea1n ngh\u0129 r\u1eb1ng \u0111\u00e2y c\u00f3 th\u1ec3 l\u00e0 b\u1ea1n, vui l\u00f2ng \u0111\u1ecdc ti\u1ebfp\u2026 v\u00e0 <a href=\"https:\/\/www.110cities.com\/contact\/\" target=\"_blank\" rel=\"noopener\">li\u00ean l\u1ea1c<\/a> \u0111\u1ec3 t\u00ecm hi\u1ec3u th\u00eam.<\/p>\n\n\n\n<p>M\u1ed9t <strong>Nh\u00e0 v\u00f4 \u0111\u1ecbch c\u1ea7u nguy\u1ec7n 110 th\u00e0nh ph\u1ed1<\/strong> c\u00f3 ni\u1ec1m \u0111am m\u00ea \u0111\u1ed1i v\u1edbi m\u1ed9t th\u00e0nh ph\u1ed1 c\u1ee5 th\u1ec3 \u0111\u01b0\u1ee3c n\u00eau b\u1eadt tr\u00ean <a href=\"https:\/\/www.110cities.com\/cities\/\" target=\"_blank\" rel=\"noopener\">danh s\u00e1ch 110 TH\u00c0NH PH\u1ed0<\/a> - n\u01a1i \u0111\u1eb7t 90%+ c\u1ee7a Frontier People Groups (FPG).<\/p>\n\n\n\n<p>\u1ede m\u1ed7i th\u00e0nh ph\u1ed1 trong s\u1ed1 110 th\u00e0nh ph\u1ed1, ch\u00fang t\u00f4i mu\u1ed1n th\u00e0nh l\u1eadp 2 \u0111\u1ed9i:<\/p>\n\n\n\n<p>a) Phong tr\u00e0o M\u1edf mang H\u1ed9i th\u00e1nh h\u1ee3p t\u00e1c v\u1edbi ng\u01b0\u1eddi l\u00e3nh \u0111\u1ea1o v\u00e0 hu\u1ea5n luy\u1ec7n vi\u00ean t\u1ed5ng th\u1ec3 c\u1ee7a h\u1ecd, nh\u1eefng ng\u01b0\u1eddi cung c\u1ea5p m\u1ed9t c\u1ea7u n\u1ed1i an to\u00e0n \u0111\u1ec3 li\u00ean l\u1ea1c.<\/p>\n\n\n\n<p>b) NH\u00d3M C\u1ea6U NGUY\u1ec6N TH\u00c0NH PH\u1ed0 - \u0111\u01b0\u1ee3c th\u00e0nh l\u1eadp tr\u00ean m\u1ea1ng l\u01b0\u1edbi c\u1ea7u nguy\u1ec7n to\u00e0n th\u00e0nh ph\u1ed1, m\u1ea1ng l\u01b0\u1edbi nh\u00e0 th\u1edd, \u0111\u1ed9i \u0111i b\u1ed9 c\u1ea7u nguy\u1ec7n, Nh\u00e0 c\u1ea7u nguy\u1ec7n, \u0111\u1ed9i c\u1ea7u nguy\u1ec7n Thi\u1ebfu nhi v\u00e0 Thanh ni\u00ean, v\u1edbi m\u1ed9t \u0111i\u1ec1u ph\u1ed1i vi\u00ean cho \u0111\u1ed9i c\u1ea7u nguy\u1ec7n trong th\u00e0nh ph\u1ed1 v\u00e0 m\u1ed9t <strong>nh\u00e0 v\u00f4 \u0111\u1ecbch c\u1ea7u nguy\u1ec7n cho b\u00e0i vi\u1ebft nhi\u00ean li\u1ec7u c\u1ea7u nguy\u1ec7n tr\u1ef1c tuy\u1ebfn<\/strong> s\u1ebd truy\u1ec1n \u0111\u1ea1t v\u00e0 v\u1eadn \u0111\u1ed9ng c\u1ea7u nguy\u1ec7n cho kh\u00e1n gi\u1ea3 to\u00e0n c\u1ea7u v\u1ec1 nhu c\u1ea7u v\u00e0 l\u1ec5 k\u1ef7 ni\u1ec7m \u1edf m\u1ed7i th\u00e0nh ph\u1ed1.<\/p>\n\n\n\n<h3 class=\"wp-block-heading\">M\u1ed9t nh\u00e0 v\u00f4 \u0111\u1ecbch:<\/h3>\n\n\n\n<ul class=\"wp-block-list\">\n<li>C\u00f3 m\u1ed9t g\u00e1nh n\u1eb7ng th\u1ef1c s\u1ef1 v\u00e0 s\u1ef1 k\u00eau g\u1ecdi t\u1eeb Ch\u00faa \u0111\u1ebfn th\u00e0nh ph\u1ed1 c\u1ee5 th\u1ec3 n\u00e0y<\/li>\n\n\n\n<li>L\u00e0 ti\u1ebfng n\u00f3i \u0111\u01b0\u1ee3c c\u00f4ng nh\u1eadn v\u00e0 t\u00f4n tr\u1ecdng c\u1ee7a th\u00e0nh ph\u1ed1, \u0111\u01b0\u1ee3c bi\u1ebft \u0111\u1ebfn b\u1edfi nh\u1eefng ng\u01b0\u1eddi kh\u00e1c c\u00f3 li\u00ean quan \u0111\u1ebfn th\u00e0nh ph\u1ed1 n\u00e0y (ho\u1eb7c c\u00f3 m\u1ed1i quan h\u1ec7 t\u1ed1t th\u00f4ng qua m\u1ed9t nh\u00f3m)<\/li>\n\n\n\n<li>T\u1ed1t h\u01a1n l\u00e0 \u0111\u00e3 l\u00e0m vi\u1ec7c ho\u1eb7c s\u1ed1ng \u1edf th\u00e0nh ph\u1ed1 \u0111\u00f3 ho\u1eb7c \u0111\u00e3 h\u1ecdc t\u1eadp v\u00e0 c\u1ea7u nguy\u1ec7n cho th\u00e0nh ph\u1ed1 \u0111\u00f3 trong nhi\u1ec1u n\u0103m<\/li>\n\n\n\n<li>L\u00e0 ng\u01b0\u1eddi c\u00f3 ki\u1ebfn th\u1ee9c v\u1ec1 nhu c\u1ea7u, ng\u00f4n ng\u1eef, v\u0103n h\u00f3a, t\u00edn ng\u01b0\u1ee1ng, th\u1ebf gi\u1edbi quan c\u1ee7a th\u00e0nh ph\u1ed1<\/li>\n\n\n\n<li>Cam k\u1ebft chuy\u1ec3n c\u1ea7u v\u00e0 v\u1eadn \u0111\u1ed9ng ng\u01b0\u1eddi kh\u00e1c c\u1ea7u nguy\u1ec7n<\/li>\n\n\n\n<li>C\u00f3 l\u1ecbch s\u1eed tham gia v\u00e0 k\u1ebft n\u1ed1i m\u1ea1ng<\/li>\n\n\n\n<li>Tin r\u1eb1ng t\u1eadp trung v\u00e0o 110 th\u00e0nh ph\u1ed1 n\u00e0y l\u00e0 m\u1ed9t chi\u1ebfn l\u01b0\u1ee3c hi\u1ec7u qu\u1ea3; \u201cs\u1edf h\u1eefu\u201d t\u1ea7m nh\u00ecn<\/li>\n\n\n\n<li>Cam k\u1ebft th\u1ef1c hi\u1ec7n l\u1eddi c\u1ea7u nguy\u1ec7n l\u00e2u d\u00e0i \u0111\u1ed1i v\u1edbi c\u00e1c phong tr\u00e0o m\u1edf mang h\u1ed9i th\u00e1nh.<\/li>\n<\/ul>\n\n\n\n<h3 class=\"wp-block-heading\">M\u1ed9t nh\u00e0 v\u00f4 \u0111\u1ecbch s\u1ebd:<\/h3>\n\n\n\n<ul class=\"wp-block-list\">\n<li>\u0110\u0103ng k\u00fd th\u1eddi gian c\u1ea7u nguy\u1ec7n 15 ph\u00fat tr\u00ean trang web.<\/li>\n\n\n\n<li>Giao ti\u1ebfp h\u00e0ng tu\u1ea7n v\u1edbi nh\u00e0 v\u00f4 \u0111\u1ecbch th\u00e0nh ph\u1ed1 tr\u00ean m\u1eb7t \u0111\u1ea5t v\u00e0 nh\u00f3m \u0111i b\u1ed9 c\u1ea7u nguy\u1ec7n ho\u1eb7c k\u1ebft n\u1ed1i CPM. Ch\u00fang t\u00f4i mu\u1ed1n c\u00f3 tin t\u1ee9c c\u1ea7u nguy\u1ec7n t\u1eeb nh\u1eefng ng\u01b0\u1eddi trong th\u00e0nh ph\u1ed1 \u0111ang c\u1ea7u nguy\u1ec7n \u0111\u1ec3 \u0111i\u1ec1u n\u00e0y c\u00f3 th\u1ec3 \u0111\u01b0\u1ee3c th\u00eam v\u00e0o nhi\u00ean li\u1ec7u c\u1ea7u nguy\u1ec7n tr\u00ean trang web.<\/li>\n\n\n\n<li>\u0110\u0103ng nhi\u00ean li\u1ec7u c\u1ea7u nguy\u1ec7n \u00edt nh\u1ea5t m\u1ed9t l\u1ea7n m\u1ed9t tu\u1ea7n. N\u1ebfu b\u1ea1n c\u00f3 th\u1ec3 \u0111\u0103ng b\u00e0i b\u1eb1ng ng\u00f4n ng\u1eef \u0111\u1ecba ph\u01b0\u01a1ng c\u1ee7a th\u00e0nh ph\u1ed1 v\u00e0 b\u1eb1ng ti\u1ebfng Anh th\u00ec \u0111i\u1ec1u n\u00e0y s\u1ebd r\u1ea5t h\u1eefu \u00edch. H\u00e3y s\u00e1ng t\u1ea1o nh\u1ea5t c\u00f3 th\u1ec3 v\u1edbi video, \u1ea3nh, \u0111\u1ed3 h\u1ecda, v.v. v\u00e0 nh\u1eefng l\u1eddi c\u1ea7u nguy\u1ec7n d\u1ef1a tr\u00ean kinh th\u00e1nh.<\/li>\n\n\n\n<li>G\u1eedi tin nh\u1eafn tr\u00ean ph\u01b0\u01a1ng ti\u1ec7n truy\u1ec1n th\u00f4ng x\u00e3 h\u1ed9i v\u00e0\/ho\u1eb7c t\u1edbi c\u00e1c k\u1ebft n\u1ed1i v\u00e0 m\u1ea1ng l\u01b0\u1edbi s\u00e1u tu\u1ea7n m\u1ed9t l\u1ea7n v\u1edbi l\u1eddi m\u1eddi \u0111\u0103ng k\u00fd v\u00e0 c\u1ea7u nguy\u1ec7n cho th\u00e0nh ph\u1ed1.<\/li>\n<\/ul>\n\n\n\n<h3 class=\"wp-block-heading\">Nh\u00e0 v\u00f4 \u0111\u1ecbch s\u1ebd nh\u1eadn \u0111\u01b0\u1ee3c:<\/h3>\n\n\n\n<ul class=\"wp-block-list\">\n<li>\u0110\u00e0o t\u1ea1o v\u1ec1 c\u00e1ch \u0111\u0103ng nhi\u00ean li\u1ec7u c\u1ea7u nguy\u1ec7n tr\u00ean trang web v\u00e0 \u0111\u01b0\u1ee3c m\u1eddi tham gia k\u00eanh li\u00ean l\u1ea1c n\u1ed9i b\u1ed9 tr\u00ean Slack \u0111\u1ec3 nh\u1eadn m\u1ecdi tr\u1ee3 gi\u00fap c\u1ee7a qu\u1ea3n tr\u1ecb vi\u00ean t\u1eeb nh\u00f3m.<\/li>\n\n\n\n<li>Truy c\u1eadp v\u00e0o th\u01b0 vi\u1ec7n l\u1eddi c\u1ea7u nguy\u1ec7n c\u00f3 th\u1ec3 \u0111\u01b0\u1ee3c s\u1eed d\u1ee5ng (c\u1eaft v\u00e0 d\u00e1n) trong nhi\u00ean li\u1ec7u c\u1ea7u nguy\u1ec7n c\u1ee7a b\u1ea1n \u0111\u1ec3 gi\u00fap b\u1ea1n c\u00f3 n\u1ed9i dung.<\/li>\n\n\n\n<li>L\u1eddi m\u1eddi tr\u1edf th\u00e0nh m\u1ed9t ph\u1ea7n c\u1ee7a nh\u00f3m to\u00e0n th\u00e0nh ph\u1ed1 v\u00e0 hy v\u1ecdng s\u1ebd tham gia v\u00e0o vi\u1ec7c ph\u00e1t tri\u1ec3n nh\u00f3m c\u1ea7u nguy\u1ec7n th\u00e0nh ph\u1ed1 \u0111\u01b0\u1ee3c li\u00ean k\u1ebft \u0111\u1ec3 h\u1ed7 tr\u1ee3 c\u00e1c nh\u00f3m m\u1edf mang nh\u00e0 th\u1edd.<strong><\/strong><\/li>\n<\/ul>\n\n\n\n<p><strong>Vui l\u00f2ng l\u00e0m <a href=\"https:\/\/www.110cities.com\/contact\/\" target=\"_blank\" rel=\"noopener\">li\u00ean h\u1ec7 ch\u00fang t\u00f4i<\/a> \u0111\u1ec3 t\u00ecm hi\u1ec3u th\u00eam!<\/strong><\/p>","protected":false},"excerpt":{"rendered":"<p>Ch\u00fang t\u00f4i \u0111ang t\u00ecm ki\u1ebfm nh\u1eefng ng\u01b0\u1eddi c\u00f3 chung T\u1ea7m nh\u00ecn 110 Th\u00e0nh ph\u1ed1 v\u00e0 s\u1eb5n s\u00e0ng...<\/p>","protected":false},"author":1,"featured_media":900,"parent":0,"menu_order":0,"comment_status":"closed","ping_status":"closed","template":"","meta":{"_acf_changed":false,"footnotes":""},"class_list":["post-895","page","type-page","status-publish","has-post-thumbnail","hentry"],"acf":[],"ams_acf":[],"_links":{"self":[{"href":"https:\/\/110cities.gopray.world\/vi\/wp-json\/wp\/v2\/pages\/895","targetHints":{"allow":["GET"]}}],"collection":[{"href":"https:\/\/110cities.gopray.world\/vi\/wp-json\/wp\/v2\/pages"}],"about":[{"href":"https:\/\/110cities.gopray.world\/vi\/wp-json\/wp\/v2\/types\/page"}],"author":[{"embeddable":true,"href":"https:\/\/110cities.gopray.world\/vi\/wp-json\/wp\/v2\/users\/1"}],"replies":[{"embeddable":true,"href":"https:\/\/110cities.gopray.world\/vi\/wp-json\/wp\/v2\/comments?post=895"}],"version-history":[{"count":3,"href":"https:\/\/110cities.gopray.world\/vi\/wp-json\/wp\/v2\/pages\/895\/revisions"}],"predecessor-version":[{"id":899,"href":"https:\/\/110cities.gopray.world\/vi\/wp-json\/wp\/v2\/pages\/895\/revisions\/899"}],"wp:featuredmedia":[{"embeddable":true,"href":"https:\/\/110cities.gopray.world\/vi\/wp-json\/wp\/v2\/media\/900"}],"wp:attachment":[{"href":"https:\/\/110cities.gopray.world\/vi\/wp-json\/wp\/v2\/media?parent=895"}],"curies":[{"name":"wp","href":"https:\/\/api.w.org\/{rel}","templated":true}]}}